{"id":160,"date":"2020-11-10T17:00:36","date_gmt":"2020-11-10T17:00:36","guid":{"rendered":"https:\/\/fileboom.co\/?page_id=160"},"modified":"2020-12-08T12:22:34","modified_gmt":"2020-12-08T12:22:34","slug":"fileboom-premium-account-your-definite-file-hosting-tool","status":"publish","type":"page","link":"https:\/\/fileboom.co\/fr\/","title":{"rendered":"Fileboom Premium Account &#8211; Votre outil d&rsquo;h\u00e9bergement de fichiers d\u00e9finitifs"},"content":{"rendered":"\n<figure class=\"wp-block-image size-large\"><img loading=\"lazy\" width=\"960\" height=\"640\" src=\"http:\/\/fileboom.co\/wp-content\/uploads\/2020\/10\/Cloud-Storage.jpg\" alt=\"Cloud Storage\" class=\"wp-image-137\" srcset=\"https:\/\/fileboom.co\/wp-content\/uploads\/2020\/10\/Cloud-Storage.jpg 960w, https:\/\/fileboom.co\/wp-content\/uploads\/2020\/10\/Cloud-Storage-300x200.jpg 300w, https:\/\/fileboom.co\/wp-content\/uploads\/2020\/10\/Cloud-Storage-768x512.jpg 768w\" sizes=\"(max-width: 960px) 100vw, 960px\" \/><\/figure>\n\n\n\n<p>Le stockage de fichiers est devenu omnipr\u00e9sent alors que presque tout \u00e9tait pass\u00e9 au virtuel en raison des progr\u00e8s de la technologie. \u00c0 l&rsquo;heure actuelle, de nombreux fichiers sont cr\u00e9\u00e9s chaque jour : il suffit de prendre des photos et des vid\u00e9os pour se souvenir d&rsquo;un moment, de cr\u00e9er un document pour les besoins scolaires, de sauvegarder et de transf\u00e9rer des fichiers li\u00e9s au travail, etc. De ce fait, le stockage de fichiers est d\u00e9j\u00e0 devenu une partie importante de la vie d&rsquo;une personne. Le stockage de fichiers se fait g\u00e9n\u00e9ralement en enregistrant des fichiers sur un ordinateur, une cl\u00e9 USB, un disque dur ou une carte m\u00e9moire. Cependant, une solution de stockage de fichiers qui est sans aucun probl\u00e8me a \u00e9t\u00e9 mise \u00e0 la disposition de tous ceux qui sauvegardent des fichiers par le biais d&rsquo;un stockage en nuage. Cela signifie simplement que vous pouvez sauvegarder et acc\u00e9der \u00e0 vos fichiers \u00e0 tout moment, n&rsquo;importe o\u00f9 et sur n&rsquo;importe quel appareil, tant qu&rsquo;il dispose d&rsquo;Internet. Ainsi, vous n&rsquo;avez plus \u00e0 vous soucier de laisser vos disques de stockage derri\u00e8re vous, et cela vous donne aussi beaucoup plus d&rsquo;espace de stockage. Ce type de solution de stockage vous est fourni par Fileboom.<\/p>\n\n\n<a class=\"maxbutton-1 maxbutton maxbutton-cta\" target=\"_blank\" rel=\"nofollow noopener\" href=\"\/go\/\"><span class='mb-text'>&gt;&gt; Acc\u00e9der au site original Fileboom.me<\/span><\/a>\n\n\n<p><\/p>\n\n\n\n<h2>\u00c0 propos de Fileboom<\/h2>\n\n\n\n<figure class=\"wp-block-image size-large\"><img loading=\"lazy\" width=\"229\" height=\"54\" src=\"http:\/\/fileboom.co\/wp-content\/uploads\/2020\/10\/fileboomlogo.png\" alt=\"fileboomlogo\" class=\"wp-image-138\"\/><\/figure>\n\n\n\n<p>Fileboom est un<a href=\"https:\/\/en.wikipedia.org\/wiki\/File_hosting_service\" target=\"_blank\" rel=\"noreferrer noopener\"> fournisseur d&rsquo;h\u00e9bergement de fichiers <\/a>de confiance depuis six ans maintenant, avec une croissance continue des utilisateurs. Il a \u00e9t\u00e9 fond\u00e9 \u00e0 \u00c9dimbourg en 2014 et se consacre \u00e0 offrir un excellent logiciel de stockage dans le nuage s\u00e9curis\u00e9 aux personnes du monde entier. Outre le stockage de fichiers, il propose \u00e9galement des services suppl\u00e9mentaires de t\u00e9l\u00e9chargement de fichiers, de partage de fichiers, de vitesse maximale, etc. Et le meilleur, c&rsquo;est qu&rsquo;il est constamment mis \u00e0 jour avec les derniers protocoles de s\u00e9curit\u00e9 pour prot\u00e9ger strictement les fichiers des utilisateurs.<\/p>\n\n\n\n<h2>Caract\u00e9ristiques g\u00e9n\u00e9rales de Fileboom<\/h2>\n\n\n\n<ol><li>Plateforme facile \u00e0 utiliser. Fileboom a \u00e9t\u00e9 con\u00e7u pour \u00eatre convivial afin de pouvoir \u00eatre utilis\u00e9 par tout le monde sans aucun probl\u00e8me. Vous pouvez facilement vous familiariser avec les fonctionnalit\u00e9s de Fileboom m\u00eame si vous n&rsquo;avez pas de comp\u00e9tences techniques.<\/li><li>Enregistrement rapide et sans probl\u00e8me. L&rsquo;inscription \u00e0 un compte dans Fileboom ne prend qu&rsquo;un certain temps et ne n\u00e9cessite que quelques \u00e9tapes simples. De nombreux modes de paiement sont \u00e9galement disponibles, vous pouvez donc choisir l&rsquo;option qui vous convient le mieux.<\/li><li>Rend les fichiers stock\u00e9s facilement accessibles. Fileboom met \u00e0 votre disposition un syst\u00e8me de stockage en nuage afin que vous puissiez stocker vos fichiers en ligne. Il vous permet ainsi d&rsquo;acc\u00e9der \u00e0 vos fichiers \u00e0 tout moment et en tout lieu. Vous pouvez simplement acc\u00e9der \u00e0 vos fichiers sur n&rsquo;importe quel appareil, qu&rsquo;il s&rsquo;agisse d&rsquo;un ordinateur portable ou d&rsquo;un mobile, en vous rendant sur le site web de Fileboom en ligne.<\/li><li>Hautement prot\u00e9g\u00e9. Fileboom accorde beaucoup d&rsquo;importance et de priorit\u00e9 \u00e0 la protection des donn\u00e9es et de la vie priv\u00e9e. Son syst\u00e8me est construit avec un anti-malware pour prot\u00e9ger le logiciel de tout acc\u00e8s non autoris\u00e9 par des pirates ou tout r\u00e9seau externe. Il vous assure que les fichiers restent priv\u00e9s et ne peuvent \u00eatre consult\u00e9s et vus que par vous (\u00e0 moins que vous ne les partagiez intentionnellement avec d&rsquo;autres utilisateurs). Il met \u00e9galement en \u0153uvre des protocoles de s\u00e9curit\u00e9 stricts pour garantir que seules des actions l\u00e9gales seront effectu\u00e9es au sein du syst\u00e8me. Vous n&rsquo;\u00eates pas autoris\u00e9 \u00e0 t\u00e9l\u00e9charger des fichiers ill\u00e9gaux tels que de la pornographie, de la nudit\u00e9, de la violence, des fichiers offensants, etc.<\/li><li>Augmente la vitesse de t\u00e9l\u00e9chargement. Fileboom offre une vitesse de t\u00e9l\u00e9chargement de 100 Mo par seconde \u00e0 un compte gratuit et fournit la vitesse de t\u00e9l\u00e9chargement maximale disponible \u00e0 un compte premium. Il permet de t\u00e9l\u00e9charger 50 Ko\/seconde en mode gratuit et jusqu&rsquo;\u00e0 750 Ko &#8211; 1,5 Mo\/seconde en mode Premium.<\/li><li>Comptes Premium abordables. Les comptes premium Fileboom sont propos\u00e9s \u00e0 un prix aussi bas que 0,31 $\/jour, ce dont m\u00eame les \u00e9tudiants peuvent s\u00fbrement profiter. Le co\u00fbt des plans varie en fonction de la dur\u00e9e. Notez que plus la dur\u00e9e de l&rsquo;abonnement est longue, plus la r\u00e9duction est importante et moins le prix est \u00e9lev\u00e9. Les prix sont s\u00fbrement l\u00e9gers pour votre poche et le service qu&rsquo;il vous offrira en vaudra s\u00fbrement la peine.<\/li><li>Interface utilisateur transparente. Fileboom est transparent pour ses utilisateurs car il fournit des rapports et des d\u00e9tails sur vos fichiers. Il indique le nom du fichier, sa taille, l&rsquo;heure de son t\u00e9l\u00e9chargement, etc. Il vous donne \u00e9galement un contr\u00f4le total sur vos fichiers afin que vous puissiez les organiser selon vos pr\u00e9f\u00e9rences.<\/li><li>Un service client\u00e8le fiable. L&rsquo;aide et l&rsquo;assistance sont facilement disponibles dans le logiciel. Il comporte une FAQ et des aides centralis\u00e9es dans la plate-forme pour traiter instantan\u00e9ment les probl\u00e8mes courants et vous guider. Toutefois, si le syst\u00e8me d&rsquo;aide automatis\u00e9 ne peut pas r\u00e9pondre \u00e0 votre question, vous pouvez contacter le syst\u00e8me d&rsquo;assistance par courrier \u00e9lectronique et ils vous r\u00e9pondront aussi vite que possible et vous aideront \u00e0 r\u00e9soudre vos probl\u00e8mes.<\/li><\/ol>\n\n\n\n<h2>Ouvrir un compte dans Fileboom<\/h2>\n\n\n\n<figure class=\"wp-block-image size-large is-resized\"><img loading=\"lazy\" src=\"http:\/\/fileboom.co\/wp-content\/uploads\/2020\/10\/Secured-Cloud-Storage.png\" alt=\"Secured Cloud Storage\" class=\"wp-image-136\" width=\"285\" height=\"190\" srcset=\"https:\/\/fileboom.co\/wp-content\/uploads\/2020\/10\/Secured-Cloud-Storage.png 960w, https:\/\/fileboom.co\/wp-content\/uploads\/2020\/10\/Secured-Cloud-Storage-300x200.png 300w, https:\/\/fileboom.co\/wp-content\/uploads\/2020\/10\/Secured-Cloud-Storage-768x512.png 768w\" sizes=\"(max-width: 285px) 100vw, 285px\" \/><\/figure>\n\n\n\n<p>S&rsquo;inscrire et rejoindre Fileboom se fait facilement et ne prend que quelques minutes. Il vous suffit de fournir des informations g\u00e9n\u00e9rales telles que votre nom, votre adresse \u00e9lectronique et de cr\u00e9er un mot de passe. Il vous enverra ensuite un courrier de confirmation \u00e0 votre adresse \u00e9lectronique pour v\u00e9rifier votre compte. Une fois que vous avez termin\u00e9, vous pouvez facilement passer \u00e0 une prime Fileboom en choisissant le plan dont vous voulez b\u00e9n\u00e9ficier et en proc\u00e9dant au paiement. Vous pouvez choisir de payer par Mastercard, carte Visa, American Express, Discover ou JCB. Vous pouvez \u00e9galement payer par Bitcoin ou par Paypal. Les paiements sont 100% s\u00e9curis\u00e9s et imm\u00e9diatement trait\u00e9s. Une fois le paiement confirm\u00e9, votre compte Fileboom est automatiquement mis \u00e0 niveau vers la version premium et vous pouvez imm\u00e9diatement commencer \u00e0 profiter de ses services et de ses fonctionnalit\u00e9s.<\/p>\n\n\n\n<h2>Compte gratuit Fileboom vs. compte Premium Fileboom<\/h2>\n\n\n\n<figure class=\"wp-block-table\"><table><tbody><tr><td><\/td><td>Compte gratuit<\/td><td>Compte premium<\/td><\/tr><tr><td>Vitesse de t\u00e9l\u00e9chargement<\/td><td>100 MB \/ sec.<\/td><td>Maximum et illimit\u00e9<\/td><\/tr><tr><td>T\u00e9l\u00e9chargements parall\u00e8les<\/td><td>\u274c : Interdit<\/td><td>\u2714\ufe0f : Illimit\u00e9<\/td><\/tr><tr><td>Limite de t\u00e9l\u00e9chargement<\/td><td>1 fichier toutes les heures<\/td><td>20 Go de taille totale de fichier par jour<\/td><\/tr><tr><td>Liens de t\u00e9l\u00e9chargement direct<\/td><td>\u274c : Non soutenu<\/td><td>\u2714\ufe0f : Soutenu<\/td><\/tr><tr><td>D\u00e9but du t\u00e9l\u00e9chargement<\/td><td>Avec des retards<\/td><td>Commence imm\u00e9diatement<\/td><\/tr><tr><td>Lecture\/ Pause\/ Arr\u00eat de la fonction de t\u00e9l\u00e9chargement<\/td><td>\u274c : Non disponible<\/td><td>\u2714\ufe0f : T\u00e9l\u00e9chargement r\u00e9sumable<\/td><\/tr><tr><td>T\u00e9l\u00e9charger \u00e0 partir de Tierce partie<\/td><td>\u274c : Non soutenu<\/td><td>\u2714\ufe0f : Soutenu<\/td><\/tr><tr><td>Pop-up et Captchas<\/td><td>\u2714\ufe0f : avec des pop-up publicitaires et des captures de temps en temps<\/td><td>\u274c : Pas d&rsquo;interruptions publicitaires<\/td><\/tr><tr><td>Taille des fichiers par chargement\/t\u00e9l\u00e9chargement<\/td><td>500 Mo pour chaque fichier<\/td><td>5 Go pour chaque fichier<\/td><\/tr><tr><td>Temps d&rsquo;attente pour le t\u00e9l\u00e9chargement<\/td><td>30 secondes<\/td><td>Aucune ; le t\u00e9l\u00e9chargement commence instantan\u00e9ment<\/td><\/tr><tr><td>Dur\u00e9e de stockage des fichiers<\/td><td>1 month<\/td><td>3 mois<\/td><\/tr><\/tbody><\/table><\/figure>\n\n\n\n<h2>Plans de comptes premium Fileboom<\/h2>\n\n\n\n<p>Fileboom propose quatre types de plans diff\u00e9rents en fonction de la dur\u00e9e d&rsquo;utilisation, allant de 3 jours \u00e0 un an. Les prix varient de 6,90 $ \u00e0 113,95 $. Le co\u00fbt est tr\u00e8s r\u00e9duit avec le plan plus long. Voici la ventilation des prix et de la dur\u00e9e de tous les plans :<\/p>\n\n\n\n<figure class=\"wp-block-table\"><table><tbody><tr><td>Dur\u00e9e du r\u00e9gime de primes<\/td><td>Co\u00fbt par jour<\/td><td>Prix total<\/td><\/tr><tr><td>3 jours<\/td><td>$2.32\/ jours<\/td><td>$6.90<\/td><\/tr><tr><td>30 jours<\/td><td>$0.56\/ jours<\/td><td>$16.95<\/td><\/tr><tr><td>90 jours<\/td><td>$0.47\/ jours<\/td><td>$41.95<\/td><\/tr><tr><td>365 jours<\/td><td>$0.31\/ jours<\/td><td>$113.95<\/td><\/tr><\/tbody><\/table><\/figure>\n\n\n\n<h2>Avantages du compte premium Fileboom<\/h2>\n\n\n<a class=\"maxbutton-1 maxbutton maxbutton-cta\" target=\"_blank\" rel=\"nofollow noopener\" href=\"\/go\/\"><span class='mb-text'>&gt;&gt; Acc\u00e9der au site original de Linkifier&gt;&gt; Acc\u00e9der au site original Fileboom.me<\/span><\/a>\n\n\n<p><\/p>\n\n\n\n<ul><li>Vitesse de t\u00e9l\u00e9chargement maximale<\/li><li>Peut t\u00e9l\u00e9charger simultan\u00e9ment<\/li><li>T\u00e9l\u00e9charger des fichiers jusqu&rsquo;\u00e0 20 Go chaque jour<\/li><li>Des liens directs sont disponibles<\/li><li>Pas de temps d&rsquo;attente pendant les t\u00e9l\u00e9chargements et les chargements ; il commence imm\u00e9diatement<\/li><li>Pas de perturbations dues aux captures et aux pop-ups publicitaires<\/li><li>Les t\u00e9l\u00e9chargements peuvent \u00eatre repris<\/li><li>Gestionnaires de t\u00e9l\u00e9chargement disponibles<\/li><li>T\u00e9l\u00e9chargement de fichiers jusqu&rsquo;\u00e0 5 Go<\/li><li>La suppression des fichiers ne se fait que dans les 90 jours<\/li><li><a href=\"https:\/\/en.wikipedia.org\/wiki\/Hypertext_Transfer_Protocol\" target=\"_blank\" rel=\"noreferrer noopener\">HTTP <\/a>et <a href=\"https:\/\/en.wikipedia.org\/wiki\/File_Transfer_Protocol\" target=\"_blank\" rel=\"noreferrer noopener\">FTP <\/a>pris en charge<\/li><\/ul>\n\n\n\n<h2>Chargement et t\u00e9l\u00e9chargement de fichiers dans Fileboom<\/h2>\n\n\n\n<p>Le chargement et le t\u00e9l\u00e9chargement de fichiers sont faciles dans Fileboom. La plate-forme est con\u00e7ue pour \u00eatre aussi simple et efficace que possible. Le t\u00e9l\u00e9chargement de fichiers peut \u00eatre facilement effectu\u00e9 par une fonction de glisser-d\u00e9poser. Il vous suffit d&rsquo;aller dans la section de t\u00e9l\u00e9chargement et de faire glisser les fichiers que vous souhaitez t\u00e9l\u00e9charger. Vous pouvez t\u00e9l\u00e9charger plusieurs fichiers \u00e0 la fois. En ce qui concerne le t\u00e9l\u00e9chargement, chaque fichier de votre compte ou de votre base de donn\u00e9es sera accompagn\u00e9 d&rsquo;un bouton de t\u00e9l\u00e9chargement. Si vous souhaitez t\u00e9l\u00e9charger ce fichier, il vous suffit de cliquer sur le bouton de t\u00e9l\u00e9chargement et le t\u00e9l\u00e9chargement commencera automatiquement.<\/p>\n\n\n\n<p>Les configurations de t\u00e9l\u00e9chargement sont les m\u00eames pour les comptes gratuits et les comptes premium, mais la vitesse et les performances varient. Les comptes premium seront certainement plus rapides et offriront davantage de fonctionnalit\u00e9s telles que les t\u00e9l\u00e9chargements parall\u00e8les, une plus grande taille de t\u00e9l\u00e9chargement par fichier ou par jour, la possibilit\u00e9 de reprise, etc.<\/p>\n\n\n\n<h2>Gestion des fichiers<\/h2>\n\n\n\n<p>Vous avez le contr\u00f4le total de vos fichiers dans Fileboom. Tous les fichiers t\u00e9l\u00e9charg\u00e9s dans le syst\u00e8me ne sont accessibles que par vous. Vous pouvez choisir la mani\u00e8re dont vous voulez organiser vos fichiers. Vous pouvez cr\u00e9er des dossiers pour regrouper vos fichiers afin de pouvoir y acc\u00e9der facilement \u00e0 l&rsquo;avenir et vous pouvez \u00e9galement modifier les noms des fichiers. La fonction de recherche est \u00e9galement disponible afin que vous puissiez rechercher vos fichiers et les localiser facilement.<\/p>\n\n\n\n<h2>Le dernier mot sur Fileboom<\/h2>\n\n\n\n<p>Fileboom est sans aucun doute l&rsquo;un des meilleurs fournisseurs d&rsquo;h\u00e9bergement de fichiers, abordable et hautement s\u00e9curis\u00e9, disponible sur le march\u00e9. Il offre presque tous les services dont vous avez besoin pour le stockage de fichiers : grand espace de stockage, vitesse maximale, large bande passante, syst\u00e8me prot\u00e9g\u00e9, et bien plus encore. Profitez de tous ses avantages et faites en sorte que votre exp\u00e9rience de stockage dans le nuage en vaille la peine avec le compte Premium Fileboom.<\/p>\n\n\n\n<h2>Foire aux questions (FAQ) sur Fileboom<\/h2>\n\n\n\n<h3>Qu&rsquo;est-ce que Fileboom ?<\/h3>\n\n\n\n<p>Fileboom est un fournisseur d&rsquo;h\u00e9bergement de fichiers qui propose un syst\u00e8me de <a href=\"https:\/\/en.wikipedia.org\/wiki\/Cloud_storage\" target=\"_blank\" rel=\"noreferrer noopener\">stockage dans le nuage<\/a> pour vos fichiers. Vous pouvez ainsi enregistrer, t\u00e9l\u00e9charger ou charger des fichiers en ligne et y acc\u00e9der facilement \u00e0 tout moment et en tout lieu. Il offre \u00e9galement une vitesse de t\u00e9l\u00e9chargement beaucoup plus rapide et un espace de stockage plus important pour rendre le stockage de fichiers plus efficace.<\/p>\n\n\n\n<h3>Fileboom est-il gratuit ?<\/h3>\n\n\n\n<p>Oui, il peut \u00eatre utilis\u00e9 sans frais par le biais d&rsquo;un compte gratuit, mais les services sont tr\u00e8s limit\u00e9s. Si vous souhaitez profiter du stockage dans le nuage et de ce que Fileboom peut vous offrir, il est fortement recommand\u00e9 de passer \u00e0 un compte premium.<\/p>\n\n\n\n<h3>Comment puis-je b\u00e9n\u00e9ficier du compte Premium Fileboom ?<\/h3>\n\n\n\n<p>Vous devez d&rsquo;abord vous inscrire et passer \u00e0 un compte premium. Choisissez le plan premium dont vous souhaitez b\u00e9n\u00e9ficier et payez-le par les moyens de paiement disponibles (Visa, Mastercard, American Express, Bitcoin, Paypal, JCB, Discover). Une fois le paiement effectu\u00e9, votre compte sera imm\u00e9diatement mis \u00e0 niveau vers une version premium.<\/p>\n\n\n\n<h3>Comment puis-je contacter le service client\u00e8le de Fileboom ?<\/h3>\n\n\n\n<p>Si vous rencontrez des probl\u00e8mes et souhaitez obtenir de l&rsquo;aide, vous pouvez contacter le syst\u00e8me d&rsquo;assistance par courrier \u00e9lectronique. Envoyez vos questions et pr\u00e9occupations \u00e0 help@fileboompremium.com ou support@fileboompremium.com.<\/p>\n\n\n\n<h3>Un remboursement est-il possible dans Fileboom ?<\/h3>\n\n\n\n<p>Les remboursements ne sont possibles que dans les 24 heures si vous souhaitez r\u00e9silier votre abonnement, pour autant que vous ayez un souci valable ou que vous ayez rencontr\u00e9 un probl\u00e8me lors de l&rsquo;utilisation de Fileboom.<\/p>\n\n\n<a class=\"maxbutton-1 maxbutton maxbutton-cta\" target=\"_blank\" rel=\"nofollow noopener\" href=\"\/go\/\"><span class='mb-text'>&gt;&gt; Acc\u00e9der au site original Fileboom.me<\/span><\/a>\n\n\n<p><\/p>\n","protected":false},"excerpt":{"rendered":"<p>Le stockage de fichiers est devenu omnipr\u00e9sent alors que presque tout \u00e9tait pass\u00e9 au virtuel en raison des progr\u00e8s de<\/p>\n","protected":false},"author":3,"featured_media":0,"parent":0,"menu_order":0,"comment_status":"closed","ping_status":"closed","template":"","meta":[],"_links":{"self":[{"href":"https:\/\/fileboom.co\/fr\/wp-json\/wp\/v2\/pages\/160"}],"collection":[{"href":"https:\/\/fileboom.co\/fr\/wp-json\/wp\/v2\/pages"}],"about":[{"href":"https:\/\/fileboom.co\/fr\/wp-json\/wp\/v2\/types\/page"}],"author":[{"embeddable":true,"href":"https:\/\/fileboom.co\/fr\/wp-json\/wp\/v2\/users\/3"}],"replies":[{"embeddable":true,"href":"https:\/\/fileboom.co\/fr\/wp-json\/wp\/v2\/comments?post=160"}],"version-history":[{"count":2,"href":"https:\/\/fileboom.co\/fr\/wp-json\/wp\/v2\/pages\/160\/revisions"}],"predecessor-version":[{"id":175,"href":"https:\/\/fileboom.co\/fr\/wp-json\/wp\/v2\/pages\/160\/revisions\/175"}],"wp:attachment":[{"href":"https:\/\/fileboom.co\/fr\/wp-json\/wp\/v2\/media?parent=160"}],"curies":[{"name":"wp","href":"https:\/\/api.w.org\/{rel}","templated":true}]}}