{"id":157,"date":"2020-11-11T14:58:47","date_gmt":"2020-11-11T14:58:47","guid":{"rendered":"https:\/\/fileboom.co\/?page_id=157"},"modified":"2020-12-08T12:25:24","modified_gmt":"2020-12-08T12:25:24","slug":"fileboom-premium-account-your-definite-file-hosting-tool","status":"publish","type":"page","link":"https:\/\/fileboom.co\/pl\/","title":{"rendered":"Fileboom Premium Account &#8211; Zdefiniowane narz\u0119dzie do hostowania plik\u00f3w"},"content":{"rendered":"\n<figure class=\"wp-block-image size-large\"><img loading=\"lazy\" width=\"960\" height=\"640\" src=\"http:\/\/fileboom.co\/wp-content\/uploads\/2020\/10\/Cloud-Storage.jpg\" alt=\"Cloud Storage\" class=\"wp-image-137\" srcset=\"https:\/\/fileboom.co\/wp-content\/uploads\/2020\/10\/Cloud-Storage.jpg 960w, https:\/\/fileboom.co\/wp-content\/uploads\/2020\/10\/Cloud-Storage-300x200.jpg 300w, https:\/\/fileboom.co\/wp-content\/uploads\/2020\/10\/Cloud-Storage-768x512.jpg 768w\" sizes=\"(max-width: 960px) 100vw, 960px\" \/><\/figure>\n\n\n\n<p>Przechowywanie plik\u00f3w gwa\u0142townie si\u0119 rozwin\u0119\u0142o, gdy prawie wszystko zosta\u0142o zmodernizowane do wersji wirtualnej ze wzgl\u0119du na post\u0119p technologiczny. W tym ostatnim czasie ka\u017cdego dnia powstaje wiele plik\u00f3w &#8211; od zwyk\u0142ego robienia zdj\u0119\u0107 i nagrywania film\u00f3w w celu zapami\u0119tania chwili, tworzenia dokumentu na potrzeby szko\u0142y, po zapisywanie i przesy\u0142anie plik\u00f3w zwi\u0105zanych z prac\u0105 i nie tylko. Z tego powodu przechowywanie plik\u00f3w sta\u0142o si\u0119 ju\u017c wa\u017cn\u0105 cz\u0119\u015bci\u0105 \u017cycia. Przechowywanie plik\u00f3w odbywa si\u0119 zazwyczaj poprzez zapisywanie ich w pami\u0119ci masowej komputera, pami\u0119ci USB, na dyskach twardych lub kartach pami\u0119ci. Jednak rozwi\u0105zanie w zakresie przechowywania plik\u00f3w, kt\u00f3re jest zdecydowanie bezproblemowe, zosta\u0142o teraz udost\u0119pnione dla ka\u017cdego, kto zapisuje pliki w chmurze. Oznacza to po prostu, \u017ce pliki mo\u017cna zapisywa\u0107 i uzyskiwa\u0107 do nich dost\u0119p w dowolnym czasie i miejscu oraz na dowolnych urz\u0105dzeniach, o ile maj\u0105 one dost\u0119p do Internetu. Dzi\u0119ki temu nie musisz si\u0119 martwi\u0107, \u017ce zostawisz swoje dyski w chmurze, a ponadto otrzymasz o wiele wi\u0119cej miejsca w pami\u0119ci masowej. Takie rozwi\u0105zanie pami\u0119ci masowej zapewnia Fileboom.<\/p>\n\n\n<a class=\"maxbutton-1 maxbutton maxbutton-cta\" target=\"_blank\" rel=\"nofollow noopener\" href=\"\/go\/\"><span class='mb-text'>&gt;&gt; Wejd\u017a na oryginaln\u0105 stron\u0119 Fileboom.me<\/span><\/a>\n\n\n<p><\/p>\n\n\n\n<h2>O Fileboom<\/h2>\n\n\n\n<figure class=\"wp-block-image size-large\"><img loading=\"lazy\" width=\"229\" height=\"54\" src=\"http:\/\/fileboom.co\/wp-content\/uploads\/2020\/10\/fileboomlogo.png\" alt=\"fileboomlogo\" class=\"wp-image-138\"\/><\/figure>\n\n\n\n<p>Fileboom jest zaufanym<a href=\"https:\/\/en.wikipedia.org\/wiki\/File_hosting_service\" target=\"_blank\" rel=\"noreferrer noopener\"> dostawc\u0105 us\u0142ug hostingowych<\/a> od sze\u015bciu lat, z ci\u0105g\u0142ym wzrostem u\u017cytkownik\u00f3w. Zosta\u0142 on za\u0142o\u017cony w Edynburgu w 2014 roku i ma na celu oferowanie doskona\u0142ego i bezpiecznego oprogramowania do przechowywania plik\u00f3w w chmurze dla ludzi na ca\u0142ym \u015bwiecie. Opr\u00f3cz samej pami\u0119ci masowej plik\u00f3w oferuje r\u00f3wnie\u017c dodatkowe us\u0142ugi w zakresie pobierania plik\u00f3w, udost\u0119pniania plik\u00f3w, maksymalnej pr\u0119dko\u015bci i innych. A najlepsze jest to, \u017ce jest stale aktualizowana za pomoc\u0105 najnowszych protoko\u0142\u00f3w bezpiecze\u0144stwa, aby \u015bci\u015ble chroni\u0107 pliki u\u017cytkownik\u00f3w.<\/p>\n\n\n\n<h2>Og\u00f3lne cechy Fileboom<\/h2>\n\n\n\n<ol><li>\u0141atwa w u\u017cyciu platforma. Fileboom zosta\u0142 zaprojektowany tak, aby by\u0142 przyjazny dla u\u017cytkownika, dzi\u0119ki czemu mo\u017ce by\u0107 u\u017cywany przez ka\u017cdego bez \u017cadnych k\u0142opot\u00f3w. Mo\u017cesz \u0142atwo zapozna\u0107 si\u0119 z obrotami Fileboom&#8217;a, nawet je\u015bli nie masz technicznych umiej\u0119tno\u015bci.<\/li><li>Szybka i bezproblemowa rejestracja. Za\u0142o\u017cenie konta w Fileboomie zajmuje tylko chwil\u0119 i wymaga tylko kilku prostych krok\u00f3w. Dost\u0119pnych jest r\u00f3wnie\u017c wiele metod p\u0142atno\u015bci, wi\u0119c mo\u017cesz po prostu wybra\u0107, kt\u00f3ra opcja b\u0119dzie dla Ciebie odpowiednia.<\/li><li>Sprawia, \u017ce przechowywane pliki s\u0105 \u0142atwo dost\u0119pne. Fileboom zapewnia Ci system przechowywania w chmurze, dzi\u0119ki czemu mo\u017cesz przechowywa\u0107 swoje pliki online. Dzi\u0119ki temu mo\u017cesz mie\u0107 dost\u0119p do swoich plik\u00f3w w dowolnym miejscu i czasie. Mo\u017cesz po prostu uzyska\u0107 dost\u0119p do swoich plik\u00f3w na dowolnym urz\u0105dzeniu &#8211; laptopie lub telefonie kom\u00f3rkowym &#8211; przechodz\u0105c do witryny Fileboom online.<\/li><li>Wysoki poziom ochrony. Fileboom przywi\u0105zuje du\u017c\u0105 wag\u0119 do ochrony danych i prywatno\u015bci oraz nadaje im wysoki priorytet. Jego system jest zbudowany z anty-malware w celu ochrony oprogramowania przed nieautoryzowanym dost\u0119pem haker\u00f3w lub sieci zewn\u0119trznych. Zapewnia on, \u017ce pliki s\u0105 utrzymywane w tajemnicy i mog\u0105 by\u0107 dost\u0119pne i ogl\u0105dane tylko przez Ciebie (chyba \u017ce celowo udost\u0119pnisz je innym u\u017cytkownikom). \u015aci\u015ble stosuje r\u00f3wnie\u017c protoko\u0142y bezpiecze\u0144stwa, aby zapewni\u0107, \u017ce w systemie b\u0119d\u0105 wykonywane tylko dzia\u0142ania prawne. Nie wolno Ci umieszcza\u0107 w systemie plik\u00f3w nielegalnych, takich jak pornografia, nago\u015b\u0107, przemoc, pliki obra\u017aliwe i tym podobne.<\/li><li>Zwi\u0119ksza szybko\u015b\u0107 pobierania. Fileboom oferuje pr\u0119dko\u015b\u0107 pobierania 100 MB na sekund\u0119 na bezp\u0142atne konto i zapewnia maksymaln\u0105 pr\u0119dko\u015b\u0107 pobierania dost\u0119pn\u0105 dla konta premium. Pobiera 50 KB\/sekund\u0119 za darmo do 750 KB &#8211; 1,5 MB\/sekund\u0119 w opcji Premium.<\/li><li>Konta Premium w przyst\u0119pnej cenie. Konta Premium Fileboom s\u0105 dost\u0119pne w cenie ju\u017c od 0,31$\/dzie\u0144, z czego z pewno\u015bci\u0105 skorzystaj\u0105 nawet studenci. Koszty plan\u00f3w r\u00f3\u017cni\u0105 si\u0119 w zale\u017cno\u015bci od d\u0142ugo\u015bci trwania. Zwr\u00f3\u0107 uwag\u0119: im d\u0142u\u017cszy plan abonamentowy, tym wi\u0119ksz\u0105 zni\u017ck\u0119 mo\u017cna uzyska\u0107 i tym ta\u0144sz\u0105 cen\u0119. Ceny na pewno s\u0105 lekkie jak na kiesze\u0144, a us\u0142uga, kt\u00f3r\u0105 zaoferuje, z pewno\u015bci\u0105 b\u0119dzie warta Twoich pieni\u0119dzy.<\/li><li>Przejrzysty Interfejs U\u017cytkownika. Fileboom jest przejrzysty dla swoich u\u017cytkownik\u00f3w, poniewa\u017c dostarcza raporty i szczeg\u00f3\u0142y dotycz\u0105ce Twoich plik\u00f3w. Pokazuje nazw\u0119 pliku, rozmiar pliku, czas wgrania i tym podobne. Daje r\u00f3wnie\u017c pe\u0142n\u0105 kontrol\u0119 nad plikami, dzi\u0119ki czemu mo\u017cesz je uporz\u0105dkowa\u0107 zgodnie z w\u0142asnymi preferencjami.<\/li><li>Niezawodna obs\u0142uga klienta. Pomoc i wsparcie s\u0105 \u0142atwo dost\u0119pne w ramach oprogramowania. Zawiera on pytania FAQ i pomaga w centrum pomocy w platformie, aby natychmiast zaj\u0105\u0107 si\u0119 najcz\u0119\u015bciej spotykanymi problemami i poprowadzi\u0107 u\u017cytkownika. Je\u015bli jednak automatyczny system pomocy nie jest w stanie udzieli\u0107 odpowiedzi na Pa\u0144stwa problem, mog\u0105 Pa\u0144stwo skontaktowa\u0107 si\u0119 z systemem pomocy technicznej za po\u015brednictwem poczty elektronicznej, a oni odpowiedz\u0105 na Pa\u0144stwa pytania tak szybko, jak to mo\u017cliwe i pomog\u0105 Pa\u0144stwu w rozwi\u0105zaniu Pa\u0144stwa problem\u00f3w.<\/li><\/ol>\n\n\n\n<h2>Otwarcie konta w systemie Fileboom<\/h2>\n\n\n\n<figure class=\"wp-block-image size-large is-resized\"><img loading=\"lazy\" src=\"http:\/\/fileboom.co\/wp-content\/uploads\/2020\/10\/Secured-Cloud-Storage.png\" alt=\"Secured Cloud Storage\" class=\"wp-image-136\" width=\"285\" height=\"190\" srcset=\"https:\/\/fileboom.co\/wp-content\/uploads\/2020\/10\/Secured-Cloud-Storage.png 960w, https:\/\/fileboom.co\/wp-content\/uploads\/2020\/10\/Secured-Cloud-Storage-300x200.png 300w, https:\/\/fileboom.co\/wp-content\/uploads\/2020\/10\/Secured-Cloud-Storage-768x512.png 768w\" sizes=\"(max-width: 285px) 100vw, 285px\" \/><\/figure>\n\n\n\n<p>Rejestracja i do\u0142\u0105czenie do Fileboom&#8217;a odbywa si\u0119 w prosty spos\u00f3b i zajmuje tylko kilka minut. Wystarczy, \u017ce podasz og\u00f3lne dane, takie jak imi\u0119 i nazwisko, adres e-mail i ustawisz has\u0142o. Nast\u0119pnie wy\u015ble wiadomo\u015b\u0107 potwierdzaj\u0105c\u0105 na Tw\u00f3j adres e-mail, aby zweryfikowa\u0107 Twoje konto. Kiedy to zrobisz, mo\u017cesz \u0142atwo uaktualni\u0107 sw\u00f3j system do pakietu Premium Fileboom, wybieraj\u0105c plan, z kt\u00f3rego chcesz skorzysta\u0107 i przej\u015b\u0107 do p\u0142atno\u015bci. Mo\u017cesz zdecydowa\u0107 si\u0119 na p\u0142atno\u015b\u0107 za pomoc\u0105 Mastercard, karty Visa, American Express, Discover lub JCB. Mo\u017cesz r\u00f3wnie\u017c p\u0142aci\u0107 poprzez Bitcoin lub Paypal. P\u0142atno\u015bci s\u0105 w 100% zabezpieczone i natychmiast przetwarzane. Po potwierdzeniu p\u0142atno\u015bci, Twoje konto Fileboom jest automatycznie aktualizowane do wersji premium i mo\u017cesz natychmiast zacz\u0105\u0107 korzysta\u0107 z jego us\u0142ug i funkcji.<\/p>\n\n\n\n<h2>Konto Fileboom Free vs. konto Fileboom Premium<\/h2>\n\n\n\n<figure class=\"wp-block-table\"><table><tbody><tr><td><\/td><td>Darmowe konto<\/td><td>Konto Premium<\/td><\/tr><tr><td>Szybko\u015b\u0107 pobierania<\/td><td>100 MB\/sek.<\/td><td>Maksymalny i nieograniczony<\/td><\/tr><tr><td>Pobieranie r\u00f3wnoleg\u0142e<\/td><td>\u274c: Nie wolno<\/td><td>\u2714\ufe0f: Nieograniczony<\/td><\/tr><tr><td>Limit pobierania<\/td><td>1 plik co godzin\u0119<\/td><td>20 GB ca\u0142kowitej wielko\u015bci pliku na dzie\u0144<\/td><\/tr><tr><td>Linki do bezpo\u015bredniego pobierania<\/td><td>\u274c: Nie obs\u0142ugiwane<\/td><td>\u2714\ufe0f: Obs\u0142ugiwane<\/td><\/tr><tr><td>Pocz\u0105tek pobierania<\/td><td>Z op\u00f3\u017anieniami<\/td><td>Rozpoczyna si\u0119 natychmiast<\/td><\/tr><tr><td>Funkcja odtwarzania\/pauzy\/zatrzymania pobierania<\/td><td>\u274c: Niedost\u0119pne<\/td><td>\u2714\ufe0f: Mo\u017cliwo\u015b\u0107 ponownego pobrania<\/td><\/tr><tr><td>Pobierz od os\u00f3b trzecich<\/td><td>\u274c: Nie obs\u0142ugiwane<\/td><td>\u2714\ufe0f: Obs\u0142ugiwane<\/td><\/tr><tr><td>Pop-up Ads i Captchas<\/td><td>\u2714\ufe0f: z ad pop ups i captchas od czasu do czasu<\/td><td>\u274c: Brak przerw na reklam\u0119<\/td><\/tr><tr><td>Rozmiar pliku do przes\u0142ania\/pobrania<\/td><td>500 MB ka\u017cdy plik<\/td><td>5 GB ka\u017cdy plik<\/td><\/tr><tr><td>Czas oczekiwania na pobranie<\/td><td>30 sekund<\/td><td>Brak; pobieranie rozpoczyna si\u0119 natychmiast<\/td><\/tr><tr><td>Czas przechowywania plik\u00f3w<\/td><td>1 Miesi\u0105c<\/td><td>3 miesi\u0105ce<\/td><\/tr><\/tbody><\/table><\/figure>\n\n\n\n<h2>Plany konta Fileboom Premium<\/h2>\n\n\n\n<p>Fileboom oferuje cztery r\u00f3\u017cne rodzaje plan\u00f3w, w zale\u017cno\u015bci od d\u0142ugo\u015bci u\u017cytkowania, od 3 dni do jednego roku. Ceny wahaj\u0105 si\u0119 od 6,90$ do 113,95$. Przy d\u0142u\u017cszym planie cena jest znacznie obni\u017cona. Poni\u017cej znajduje si\u0119 podzia\u0142 cen i d\u0142ugo\u015bci wszystkich plan\u00f3w:<\/p>\n\n\n\n<figure class=\"wp-block-table\"><table><tbody><tr><td>Czas trwania planu Premium<\/td><td>Koszt za dzie\u0144<\/td><td>Cena ca\u0142kowita<\/td><\/tr><tr><td>3 dni<\/td><td>$2.32\/ Dzie\u0144<\/td><td>$6.90<\/td><\/tr><tr><td>30 dni<\/td><td>$0.56\/ Dzie\u0144<\/td><td>$16.95<\/td><\/tr><tr><td>90 dni<\/td><td>$0.47\/ Dzie\u0144<\/td><td>$41.95<\/td><\/tr><tr><td>365 dni<\/td><td>$0.31\/ Dzie\u0144<\/td><td>$113.95<\/td><\/tr><\/tbody><\/table><\/figure>\n\n\n\n<h2>Korzy\u015bci z konta Fileboom Premium<\/h2>\n\n\n<a class=\"maxbutton-1 maxbutton maxbutton-cta\" target=\"_blank\" rel=\"nofollow noopener\" href=\"\/go\/\"><span class='mb-text'>&gt;&gt; Wejd\u017a na oryginaln\u0105 stron\u0119 Fileboom.me<\/span><\/a>\n\n\n<p><\/p>\n\n\n\n<ul><li>Maksymalna pr\u0119dko\u015b\u0107 pobierania<\/li><li>Mo\u017ce pobiera\u0107 jednocze\u015bnie<\/li><li>Pobierz pliki nawet do 20 GB ka\u017cdego dnia<\/li><li>Dost\u0119pne s\u0105 linki bezpo\u015brednie<\/li><li>Nie ma czasu oczekiwania podczas wysy\u0142ania i pobierania; rozpoczyna si\u0119 natychmiast<\/li><li>Brak zak\u0142\u00f3ce\u0144 od captchas i reklamowych pop-up\u00f3w<\/li><li>Pobieranie mo\u017ce zosta\u0107 wznowione<\/li><li>Dost\u0119pne mened\u017cery pobierania plik\u00f3w<\/li><li>Przesy\u0142anie i pobieranie plik\u00f3w o rozmiarze nawet 5 GB<\/li><li>Usuwanie plik\u00f3w odbywa si\u0119 tylko w ci\u0105gu 90 dni<\/li><li>Obs\u0142uga <a href=\"http:\/\/Maksymalna pr\u0119dko\u015b\u0107 pobierania Mo\u017ce pobiera\u0107 jednocze\u015bnie Pobierz pliki nawet do 20 GB ka\u017cdego dnia Dost\u0119pne s\u0105 linki bezpo\u015brednie Nie ma czasu oczekiwania podczas wysy\u0142ania i pobierania; rozpoczyna si\u0119 natychmiast Brak zak\u0142\u00f3ce\u0144 od captchas i reklamowych pop-up\u00f3w Pobieranie mo\u017ce zosta\u0107 wznowione Dost\u0119pne mened\u017cery pobierania plik\u00f3w  Przesy\u0142anie i pobieranie plik\u00f3w o rozmiarze nawet 5 GB Usuwanie plik\u00f3w odbywa si\u0119 tylko w ci\u0105gu 90 dni Obs\u0142uga HTTP i FTP\" target=\"_blank\" rel=\"noreferrer noopener\">HTTP <\/a>i <a href=\"https:\/\/en.wikipedia.org\/wiki\/File_Transfer_Protocol\" target=\"_blank\" rel=\"noreferrer noopener\">FTP<\/a><\/li><\/ul>\n\n\n\n<h2>Przesy\u0142anie i pobieranie plik\u00f3w w systemie Fileboom<\/h2>\n\n\n\n<p>Przesy\u0142anie i pobieranie plik\u00f3w jest \u0142atwe i wygodne w aplikacji Fileboom. Platforma zosta\u0142a zaprojektowana tak, aby by\u0142a jak najprostsza i jak najbardziej efektywna. Pobieranie plik\u00f3w mo\u017cna \u0142atwo wykona\u0107 za pomoc\u0105 funkcji drop and drag. Wystarczy przej\u015b\u0107 do sekcji wgrywania i przeci\u0105gn\u0105\u0107 pliki, kt\u00f3re chcesz wgra\u0107. Mo\u017cesz wysy\u0142a\u0107 wiele plik\u00f3w jednocze\u015bnie. Je\u015bli chodzi o pobieranie, to ka\u017cdy plik na Twoim koncie lub w bazie danych b\u0119dzie mia\u0142 pokazany pod nim przycisk pobierania. Je\u015bli chcesz pobra\u0107 ten plik, wystarczy, \u017ce klikniesz na przycisk &#8222;Pobierz&#8221; i automatycznie rozpocznie si\u0119 pobieranie.<\/p>\n\n\n\n<p>Konfiguracje wysy\u0142ania i pobierania s\u0105 takie same dla kont darmowych i premium, jednak r\u00f3\u017cni\u0105 si\u0119 pod wzgl\u0119dem szybko\u015bci i wydajno\u015bci. Konta Premium z pewno\u015bci\u0105 b\u0119d\u0105 szybsze i b\u0119d\u0105 oferowa\u0107 wi\u0119cej funkcji, takich jak pobieranie r\u00f3wnoleg\u0142e, wi\u0119kszy rozmiar pobierania na plik lub na dzie\u0144, mo\u017cliwo\u015b\u0107 wznowienia i wiele innych.<\/p>\n\n\n\n<h2>Zarz\u0105dzanie plikami<\/h2>\n\n\n\n<p>Masz pe\u0142n\u0105 kontrol\u0119 nad swoimi plikami w Fileboom. Wszystkie pliki przes\u0142ane w systemie s\u0105 dost\u0119pne tylko dla Ciebie. Mo\u017cesz wybra\u0107, jak chcesz zorganizowa\u0107 swoje pliki. Mo\u017cesz tworzy\u0107 foldery do grupowania plik\u00f3w, aby w przysz\u0142o\u015bci mie\u0107 do nich \u0142atwy dost\u0119p, a tak\u017ce zmienia\u0107 ich nazwy. Dost\u0119pna jest r\u00f3wnie\u017c funkcja wyszukiwania, dzi\u0119ki kt\u00f3rej mo\u017cesz przeszukiwa\u0107 swoje pliki i \u0142atwo je zlokalizowa\u0107.<\/p>\n\n\n\n<h2>Ko\u0144cowa wypowied\u017a o Fileboom<\/h2>\n\n\n\n<p>Fileboom jest zdecydowanie jednym z najlepszych, niedrogich i wysoko zabezpieczonych dostawc\u00f3w us\u0142ug hostingowych plik\u00f3w dost\u0119pnych tam. Oferuje prawie wszystkie us\u0142ugi potrzebne do przechowywania plik\u00f3w: du\u017ca przestrze\u0144 dyskowa, maksymalna pr\u0119dko\u015b\u0107, du\u017ca przepustowo\u015b\u0107, chroniony system i wiele innych. Ciesz si\u0119 wszystkimi jego zaletami i spraw, aby Twoje do\u015bwiadczenia z przechowywaniem plik\u00f3w w chmurze sta\u0142y si\u0119 warte zachodu z kontem Fileboom Premium.<\/p>\n\n\n\n<h2>Najcz\u0119\u015bciej zadawane pytania (FAQ) o Fileboom<\/h2>\n\n\n\n<h3>Co to jest Fileboom?<\/h3>\n\n\n\n<p>Fileboom to dostawca hostingu plik\u00f3w, kt\u00f3ry oferuje system <a href=\"https:\/\/en.wikipedia.org\/wiki\/Cloud_storage\" target=\"_blank\" rel=\"noreferrer noopener\">przechowywania plik\u00f3w w chmurze<\/a>, dzi\u0119ki czemu mo\u017cesz zapisywa\u0107, przesy\u0142a\u0107 lub pobiera\u0107 pliki online i mie\u0107 do nich \u0142atwy dost\u0119p w dowolnym miejscu i czasie. Zapewnia on r\u00f3wnie\u017c znacznie wi\u0119ksz\u0105 szybko\u015b\u0107 pobierania i wi\u0119ksz\u0105 przestrze\u0144 dyskow\u0105, dzi\u0119ki czemu przechowywanie plik\u00f3w jest bardziej efektywne.<\/p>\n\n\n\n<h3>Czy Fileboom jest wolny?<\/h3>\n\n\n\n<p>Tak, mo\u017cna z niego korzysta\u0107 bez op\u0142at za po\u015brednictwem bezp\u0142atnego konta, jednak us\u0142ugi te s\u0105 bardzo ograniczone. Je\u015bli chcesz korzysta\u0107 z pami\u0119ci masowej w chmurze i tego, co Fileboom ma do zaoferowania, bardzo zalecane jest przej\u015bcie na konto premium.<\/p>\n\n\n\n<h3>Jak mog\u0119 skorzysta\u0107 z konta Fileboom Premium?<\/h3>\n\n\n\n<p>Po pierwsze, musisz si\u0119 najpierw zarejestrowa\u0107 i zaktualizowa\u0107 swoje konto do konta premium. Wybierz plan premium, z kt\u00f3rego chcesz skorzysta\u0107 i zap\u0142a\u0107 za niego za pomoc\u0105 dost\u0119pnych metod p\u0142atno\u015bci (Visa, Mastercard, American Express, Bitcoin, Paypal, JCB, Discover). Kiedy p\u0142atno\u015b\u0107 zako\u0144czy si\u0119 sukcesem, Twoje konto zostanie natychmiast uaktualnione do wersji premium.<\/p>\n\n\n\n<h3>Jak skontaktowa\u0107 si\u0119 z dzia\u0142em obs\u0142ugi klienta Fileboom?<\/h3>\n\n\n\n<p>Je\u015bli napotkasz jakiekolwiek problemy i b\u0119dziesz potrzebowa\u0107 pomocy, mo\u017cesz skontaktowa\u0107 si\u0119 z systemem pomocy technicznej za po\u015brednictwem poczty elektronicznej. Prze\u015blij swoje problemy i w\u0105tpliwo\u015bci na adres help@fileboompremium.com lub support@fileboompremium.com.<\/p>\n\n\n\n<h3>Czy w Fileboom mo\u017cna otrzyma\u0107 zwrot pieni\u0119dzy?<\/h3>\n\n\n\n<p>Refundacje s\u0105 dost\u0119pne tylko w ci\u0105gu 24 godzin, je\u015bli chcesz wycofa\u0107 si\u0119 z subskrypcji, o ile masz uzasadnione obawy lub napotka\u0142e\u015b problem podczas korzystania z Fileboom.<\/p>\n\n\n<a class=\"maxbutton-1 maxbutton maxbutton-cta\" target=\"_blank\" rel=\"nofollow noopener\" href=\"\/go\/\"><span class='mb-text'>&gt;&gt; Wejd\u017a na oryginaln\u0105 stron\u0119 Fileboom.me<\/span><\/a>\n\n\n<p><\/p>\n","protected":false},"excerpt":{"rendered":"<p>Przechowywanie plik\u00f3w gwa\u0142townie si\u0119 rozwin\u0119\u0142o, gdy prawie wszystko zosta\u0142o zmodernizowane do wersji wirtualnej ze wzgl\u0119du na post\u0119p technologiczny. W tym<\/p>\n","protected":false},"author":3,"featured_media":0,"parent":0,"menu_order":0,"comment_status":"closed","ping_status":"closed","template":"","meta":[],"_links":{"self":[{"href":"https:\/\/fileboom.co\/pl\/wp-json\/wp\/v2\/pages\/157"}],"collection":[{"href":"https:\/\/fileboom.co\/pl\/wp-json\/wp\/v2\/pages"}],"about":[{"href":"https:\/\/fileboom.co\/pl\/wp-json\/wp\/v2\/types\/page"}],"author":[{"embeddable":true,"href":"https:\/\/fileboom.co\/pl\/wp-json\/wp\/v2\/users\/3"}],"replies":[{"embeddable":true,"href":"https:\/\/fileboom.co\/pl\/wp-json\/wp\/v2\/comments?post=157"}],"version-history":[{"count":2,"href":"https:\/\/fileboom.co\/pl\/wp-json\/wp\/v2\/pages\/157\/revisions"}],"predecessor-version":[{"id":179,"href":"https:\/\/fileboom.co\/pl\/wp-json\/wp\/v2\/pages\/157\/revisions\/179"}],"wp:attachment":[{"href":"https:\/\/fileboom.co\/pl\/wp-json\/wp\/v2\/media?parent=157"}],"curies":[{"name":"wp","href":"https:\/\/api.w.org\/{rel}","templated":true}]}}